{"id":130,"date":"2015-12-01T19:01:02","date_gmt":"2015-12-01T21:01:02","guid":{"rendered":"http:\/\/www.mendoncacarpintaria.com.br\/?page_id=130"},"modified":"2019-03-08T13:13:03","modified_gmt":"2019-03-08T16:13:03","slug":"parceiro","status":"publish","type":"page","link":"https:\/\/www.mendoncacarpintaria.com.br\/?page_id=130","title":{"rendered":"Quem somos"},"content":{"rendered":"<p><span style=\"color: #0000ff;\">\u00a0 \u00a0 \u00a0Ol\u00e1! Meu nome \u00e9 Fl\u00e1vio Mendon\u00e7a, sou um micro empreendedor individual especializado em deck de madeira. Estamos trabalhando exclusivamente com deck a\u00a0 4 (quatro) anos,\u00a0 sempre procurando as melhores solu\u00e7\u00f5es para cada cliente. Atendemos a cidade do Rio de Janeiro e regi\u00e3o metropolitana. Para mais informa\u00e7\u00f5es ou d\u00favidas entre em contato.<\/span><\/p>\n<p>Fl\u00e1vio Mendon\u00e7a<\/p>\n","protected":false},"excerpt":{"rendered":"<p>\u00a0 \u00a0 \u00a0Ol\u00e1! Meu nome \u00e9 Fl\u00e1vio Mendon\u00e7a, sou um micro empreendedor individual especializado em deck de madeira. Estamos trabalhando exclusivamente com deck a\u00a0 4 (quatro) anos,\u00a0 sempre procurando as melhores solu\u00e7\u00f5es para cada cliente. Atendemos a cidade do Rio de Janeiro e regi\u00e3o metropolitana. Para mais informa\u00e7\u00f5es ou d\u00favidas entre em contato. Fl\u00e1vio Mendon\u00e7a<\/p>\n","protected":false},"author":1,"featured_media":0,"parent":0,"menu_order":0,"comment_status":"closed","ping_status":"closed","template":"","meta":{"footnotes":""},"class_list":["post-130","page","type-page","status-publish","hentry"],"_links":{"self":[{"href":"https:\/\/www.mendoncacarpintaria.com.br\/index.php?rest_route=\/wp\/v2\/pages\/130","targetHints":{"allow":["GET"]}}],"collection":[{"href":"https:\/\/www.mendoncacarpintaria.com.br\/index.php?rest_route=\/wp\/v2\/pages"}],"about":[{"href":"https:\/\/www.mendoncacarpintaria.com.br\/index.php?rest_route=\/wp\/v2\/types\/page"}],"author":[{"embeddable":true,"href":"https:\/\/www.mendoncacarpintaria.com.br\/index.php?rest_route=\/wp\/v2\/users\/1"}],"replies":[{"embeddable":true,"href":"https:\/\/www.mendoncacarpintaria.com.br\/index.php?rest_route=%2Fwp%2Fv2%2Fcomments&post=130"}],"version-history":[{"count":5,"href":"https:\/\/www.mendoncacarpintaria.com.br\/index.php?rest_route=\/wp\/v2\/pages\/130\/revisions"}],"predecessor-version":[{"id":597,"href":"https:\/\/www.mendoncacarpintaria.com.br\/index.php?rest_route=\/wp\/v2\/pages\/130\/revisions\/597"}],"wp:attachment":[{"href":"https:\/\/www.mendoncacarpintaria.com.br\/index.php?rest_route=%2Fwp%2Fv2%2Fmedia&parent=130"}],"curies":[{"name":"wp","href":"https:\/\/api.w.org\/{rel}","templated":true}]}}